{"id":1453,"date":"2023-07-07T10:14:48","date_gmt":"2023-07-07T08:14:48","guid":{"rendered":"https:\/\/gite-st-roman.com\/experiences\/"},"modified":"2024-07-03T09:31:29","modified_gmt":"2024-07-03T07:31:29","slug":"experiences","status":"publish","type":"page","link":"https:\/\/gite-st-roman.com\/en\/experiences\/","title":{"rendered":"Experiences"},"content":{"rendered":"\n<h1 class=\"wp-block-heading\">Vacation experiences in Vend\u00e9e<\/h1>\n\n<div class=\"wp-block-columns alignwide is-layout-flex wp-container-core-columns-is-layout-28f84493 wp-block-columns-is-layout-flex\">\n<div class=\"wp-block-column is-layout-flow wp-block-column-is-layout-flow\">\n<div class=\"wp-block-sev-encart\"><a href=\"https:\/\/gite-st-roman.com\/en\/experiences\/rainy-day-experience\/\"><img decoding=\"async\" src=\"https:\/\/gite-st-roman.com\/wp-content\/uploads\/2023\/09\/aquarium-la-rochelle-IMG_9070-1.jpg\" alt=\"\"><div class=\"wp-block-sev-encart-content\"><div class=\"wp-block-sev-encart-label\">Rainy day experience<\/div><\/div><div class=\"wp-block-sev-encart-btn\">Discover<\/div><\/a><\/div>\n<\/div>\n\n\n\n<div class=\"wp-block-column is-layout-flow wp-block-column-is-layout-flow\">\n<div class=\"wp-block-sev-encart\"><a href=\"https:\/\/gite-st-roman.com\/en\/experiences\/100-nature-experience\/\"><img decoding=\"async\" src=\"https:\/\/gite-st-roman.com\/wp-content\/uploads\/2023\/09\/foret-mervent-IMG_6729.jpg\" alt=\"\"><div class=\"wp-block-sev-encart-content\"><div class=\"wp-block-sev-encart-label\">100% nature experience<\/div><\/div><div class=\"wp-block-sev-encart-btn\">Discover<\/div><\/a><\/div>\n<\/div>\n\n\n\n<div class=\"wp-block-column is-layout-flow wp-block-column-is-layout-flow\">\n<div class=\"wp-block-sev-encart\"><a href=\"https:\/\/gite-st-roman.com\/en\/experiences\/100-heterogeneous-experience\/\"><img decoding=\"async\" src=\"https:\/\/gite-st-roman.com\/wp-content\/uploads\/2023\/09\/Nieul-sur-lAutise-0851.jpg\" alt=\"\"><div class=\"wp-block-sev-encart-content\"><div class=\"wp-block-sev-encart-label\">Heterogeneous experience<\/div><\/div><div class=\"wp-block-sev-encart-btn\">Discover<\/div><\/a><\/div>\n<\/div>\n<\/div>\n\n<div class=\"wp-block-columns alignwide is-layout-flex wp-container-core-columns-is-layout-28f84493 wp-block-columns-is-layout-flex\">\n<div class=\"wp-block-column is-vertically-aligned-center is-layout-flow wp-block-column-is-layout-flow\">\n<div class=\"wp-block-sev-encart\"><a href=\"https:\/\/gite-st-roman.com\/en\/experiences\/100-pleasure-of-the-senses-experience\/\"><img decoding=\"async\" src=\"https:\/\/gite-st-roman.com\/wp-content\/uploads\/2023\/09\/la-passerelle-quai-victor-IMG_6127.jpg\" alt=\"\"><div class=\"wp-block-sev-encart-content\"><div class=\"wp-block-sev-encart-label\">Experience the pleasure of the senses<\/div><\/div><div class=\"wp-block-sev-encart-btn\">Discover<\/div><\/a><\/div>\n<\/div>\n\n\n\n<div class=\"wp-block-column is-layout-flow wp-block-column-is-layout-flow\">\n<div class=\"wp-block-sev-encart\"><a href=\"https:\/\/gite-st-roman.com\/en\/experiences\/a-100-echappee-belle-experience\/\"><img decoding=\"async\" src=\"https:\/\/gite-st-roman.com\/wp-content\/uploads\/2023\/09\/La-Region-Ile-DAix-2.jpg\" alt=\"\"><div class=\"wp-block-sev-encart-content\"><div class=\"wp-block-sev-encart-label\">Echapp\u00e9e belle<\/div><\/div><div class=\"wp-block-sev-encart-btn\">Discover<\/div><\/a><\/div>\n<\/div>\n<\/div>\n","protected":false},"excerpt":{"rendered":"<p>Vacation experiences in Vend\u00e9e<\/p>\n","protected":false},"author":1,"featured_media":0,"parent":0,"menu_order":0,"comment_status":"closed","ping_status":"closed","template":"","meta":{"_seopress_robots_primary_cat":"","_seopress_titles_title":"Unique experiences in Vend\u00e9e","_seopress_titles_desc":"Enjoy unique experiences during your stay at the Saint Roman g\u00eetes in the Vend\u00e9e. Choose the one that's right for you!  ","_seopress_robots_index":"","_seopress_analysis_target_kw":"","footnotes":""},"class_list":["post-1453","page","type-page","status-publish","hentry"],"_links":{"self":[{"href":"https:\/\/gite-st-roman.com\/en\/wp-json\/wp\/v2\/pages\/1453","targetHints":{"allow":["GET"]}}],"collection":[{"href":"https:\/\/gite-st-roman.com\/en\/wp-json\/wp\/v2\/pages"}],"about":[{"href":"https:\/\/gite-st-roman.com\/en\/wp-json\/wp\/v2\/types\/page"}],"author":[{"embeddable":true,"href":"https:\/\/gite-st-roman.com\/en\/wp-json\/wp\/v2\/users\/1"}],"replies":[{"embeddable":true,"href":"https:\/\/gite-st-roman.com\/en\/wp-json\/wp\/v2\/comments?post=1453"}],"version-history":[{"count":1,"href":"https:\/\/gite-st-roman.com\/en\/wp-json\/wp\/v2\/pages\/1453\/revisions"}],"predecessor-version":[{"id":1456,"href":"https:\/\/gite-st-roman.com\/en\/wp-json\/wp\/v2\/pages\/1453\/revisions\/1456"}],"wp:attachment":[{"href":"https:\/\/gite-st-roman.com\/en\/wp-json\/wp\/v2\/media?parent=1453"}],"curies":[{"name":"wp","href":"https:\/\/api.w.org\/{rel}","templated":true}]}}